{"id":104,"date":"2024-05-03T08:09:11","date_gmt":"2024-05-03T08:09:11","guid":{"rendered":"https:\/\/lagaviotamariola.com\/?page_id=104"},"modified":"2024-11-08T09:58:21","modified_gmt":"2024-11-08T09:58:21","slug":"distribuidors","status":"publish","type":"page","link":"https:\/\/lagaviotamariola.com\/ca\/distribuidores\/","title":{"rendered":"Distribu\u00efdors"},"content":{"rendered":"\t\t<div data-elementor-type=\"wp-page\" data-elementor-id=\"104\" class=\"elementor elementor-104\" data-elementor-post-type=\"page\">\n\t\t\t\t<div class=\"elementor-element elementor-element-ef9cd68 e-con-full e-flex e-con e-parent\" data-id=\"ef9cd68\" data-element_type=\"container\" data-e-type=\"container\" data-settings=\"{&quot;background_background&quot;:&quot;classic&quot;}\">\n\t\t<div class=\"elementor-element elementor-element-a4aee9c e-con-full e-flex e-con e-child\" data-id=\"a4aee9c\" data-element_type=\"container\" data-e-type=\"container\" data-settings=\"{&quot;background_background&quot;:&quot;classic&quot;}\">\n\t\t\t\t<\/div>\n\t\t<div class=\"elementor-element elementor-element-b633d5f e-flex e-con-boxed e-con e-child\" data-id=\"b633d5f\" data-element_type=\"container\" data-e-type=\"container\">\n\t\t\t\t\t<div class=\"e-con-inner\">\n\t\t<div class=\"elementor-element elementor-element-bcb1915 e-con-full e-flex e-con e-child\" data-id=\"bcb1915\" data-element_type=\"container\" data-e-type=\"container\">\n\t\t\t\t<div class=\"elementor-element elementor-element-73156af elementor-widget elementor-widget-heading\" data-id=\"73156af\" data-element_type=\"widget\" data-e-type=\"widget\" data-widget_type=\"heading.default\">\n\t\t\t\t<div class=\"elementor-widget-container\">\n\t\t\t\t\t<h2 class=\"elementor-heading-title elementor-size-default\">\u00daNETE A NUESTRA FAMILIA<\/h2>\t\t\t\t<\/div>\n\t\t\t\t<\/div>\n\t\t\t\t<div class=\"elementor-element elementor-element-f584667 elementor-widget elementor-widget-heading\" data-id=\"f584667\" data-element_type=\"widget\" data-e-type=\"widget\" data-widget_type=\"heading.default\">\n\t\t\t\t<div class=\"elementor-widget-container\">\n\t\t\t\t\t<h2 class=\"elementor-heading-title elementor-size-default\">EMB\u00c1RCATE CON NOSOTROS<\/h2>\t\t\t\t<\/div>\n\t\t\t\t<\/div>\n\t\t\t\t<div class=\"elementor-element elementor-element-dacb6eb elementor-widget-divider--view-line elementor-widget elementor-widget-divider\" data-id=\"dacb6eb\" data-element_type=\"widget\" data-e-type=\"widget\" data-widget_type=\"divider.default\">\n\t\t\t\t<div class=\"elementor-widget-container\">\n\t\t\t\t\t\t\t<div class=\"elementor-divider\">\n\t\t\t<span class=\"elementor-divider-separator\">\n\t\t\t\t\t\t<\/span>\n\t\t<\/div>\n\t\t\t\t\t\t<\/div>\n\t\t\t\t<\/div>\n\t\t\t\t<div class=\"elementor-element elementor-element-7ce83ea elementor-widget elementor-widget-text-editor\" data-id=\"7ce83ea\" data-element_type=\"widget\" data-e-type=\"widget\" data-widget_type=\"text-editor.default\">\n\t\t\t\t<div class=\"elementor-widget-container\">\n\t\t\t\t\t\t\t\t\t<p>Apostamos por una distribuci\u00f3n seleccionada, crear sinergias y estar al lado de nuestros grandes referentes<\/p><p>Si tienes un bar, un restaurante o una tienda y crees que nuestro vermut encaja no dudes en contactar con nosotros.<\/p>\t\t\t\t\t\t\t\t<\/div>\n\t\t\t\t<\/div>\n\t\t\t\t<\/div>\n\t\t\t\t\t<\/div>\n\t\t\t\t<\/div>\n\t\t\t\t<\/div>\n\t\t<div class=\"elementor-element elementor-element-7568b4c e-con-full e-flex e-con e-parent\" data-id=\"7568b4c\" data-element_type=\"container\" data-e-type=\"container\" data-settings=\"{&quot;background_background&quot;:&quot;classic&quot;}\">\n\t\t<div class=\"elementor-element elementor-element-e6d8d9e e-con-full e-flex e-con e-child\" data-id=\"e6d8d9e\" data-element_type=\"container\" data-e-type=\"container\" data-settings=\"{&quot;background_background&quot;:&quot;classic&quot;}\">\n\t\t<div class=\"elementor-element elementor-element-cdb924d e-con-full e-flex e-con e-child\" data-id=\"cdb924d\" data-element_type=\"container\" data-e-type=\"container\">\n\t\t\t\t<div class=\"elementor-element elementor-element-efc946a elementor-widget__width-inherit elementor-button-align-stretch elementor-widget elementor-widget-form\" data-id=\"efc946a\" data-element_type=\"widget\" data-e-type=\"widget\" data-settings=\"{&quot;step_next_label&quot;:&quot;Siguiente&quot;,&quot;step_previous_label&quot;:&quot;Anterior&quot;,&quot;button_width&quot;:&quot;100&quot;,&quot;step_type&quot;:&quot;number_text&quot;,&quot;step_icon_shape&quot;:&quot;circle&quot;}\" data-widget_type=\"form.default\">\n\t\t\t\t<div class=\"elementor-widget-container\">\n\t\t\t\t\t\t\t<form class=\"elementor-form\" method=\"post\" name=\"Nuevo formulario\" aria-label=\"Nuevo formulario\">\n\t\t\t<input type=\"hidden\" name=\"post_id\" value=\"104\"\/>\n\t\t\t<input type=\"hidden\" name=\"form_id\" value=\"efc946a\"\/>\n\t\t\t<input type=\"hidden\" name=\"referer_title\" value=\"Distribuidores - La Gaviota Mariola\" \/>\n\n\t\t\t\t\t\t\t<input type=\"hidden\" name=\"queried_id\" value=\"104\"\/>\n\t\t\t\n\t\t\t<div class=\"elementor-form-fields-wrapper elementor-labels-above\">\n\t\t\t\t\t\t\t\t<div class=\"elementor-field-type-text elementor-field-group elementor-column elementor-field-group-field_a05d500 elementor-col-100 elementor-field-required\">\n\t\t\t\t\t\t\t\t\t\t\t\t<label for=\"form-field-field_a05d500\" class=\"elementor-field-label\">\n\t\t\t\t\t\t\t\tEmpresa\t\t\t\t\t\t\t<\/label>\n\t\t\t\t\t\t\t\t\t\t\t\t\t\t<input size=\"1\" type=\"text\" name=\"form_fields[field_a05d500]\" id=\"form-field-field_a05d500\" class=\"elementor-field elementor-size-sm  elementor-field-textual\" placeholder=\"Nombre de la empresa\" required=\"required\">\n\t\t\t\t\t\t\t\t\t\t\t<\/div>\n\t\t\t\t\t\t\t\t<div class=\"elementor-field-type-select elementor-field-group elementor-column elementor-field-group-field_73511af elementor-col-100 elementor-field-required\">\n\t\t\t\t\t\t\t\t\t\t\t\t<label for=\"form-field-field_73511af\" class=\"elementor-field-label\">\n\t\t\t\t\t\t\t\tComunidad aut\u00f3noma\t\t\t\t\t\t\t<\/label>\n\t\t\t\t\t\t\t\t<div class=\"elementor-field elementor-select-wrapper remove-before \">\n\t\t\t<div class=\"select-caret-down-wrapper\">\n\t\t\t\t<svg aria-hidden=\"true\" class=\"e-font-icon-svg e-eicon-caret-down\" viewBox=\"0 0 571.4 571.4\" xmlns=\"http:\/\/www.w3.org\/2000\/svg\"><path d=\"M571 393Q571 407 561 418L311 668Q300 679 286 679T261 668L11 418Q0 407 0 393T11 368 36 357H536Q550 357 561 368T571 393Z\"><\/path><\/svg>\t\t\t<\/div>\n\t\t\t<select name=\"form_fields[field_73511af]\" id=\"form-field-field_73511af\" class=\"elementor-field-textual elementor-size-sm\" required=\"required\">\n\t\t\t\t\t\t\t\t\t<option value=\"Andaluc\u00eda\">Andaluc\u00eda<\/option>\n\t\t\t\t\t\t\t\t\t<option value=\"Catalu\u00f1a\">Catalu\u00f1a<\/option>\n\t\t\t\t\t\t\t\t\t<option value=\"Comunidad de Madrid\">Comunidad de Madrid<\/option>\n\t\t\t\t\t\t\t\t\t<option value=\"Comunidad Valenciana\">Comunidad Valenciana<\/option>\n\t\t\t\t\t\t\t\t\t<option value=\"Galicia\">Galicia<\/option>\n\t\t\t\t\t\t\t\t\t<option value=\"Castilla y Le\u00f3n\">Castilla y Le\u00f3n<\/option>\n\t\t\t\t\t\t\t\t\t<option value=\"Pa\u00eds Vasco\">Pa\u00eds Vasco<\/option>\n\t\t\t\t\t\t\t\t\t<option value=\"Canarias\">Canarias<\/option>\n\t\t\t\t\t\t\t\t\t<option value=\"Castilla-La Mancha\">Castilla-La Mancha<\/option>\n\t\t\t\t\t\t\t\t\t<option value=\"Regi\u00f3n de Murcia\">Regi\u00f3n de Murcia<\/option>\n\t\t\t\t\t\t\t\t\t<option value=\"Arag\u00f3n\">Arag\u00f3n<\/option>\n\t\t\t\t\t\t\t\t\t<option value=\"Islas Baleares\">Islas Baleares<\/option>\n\t\t\t\t\t\t\t\t\t<option value=\"Extremadura\">Extremadura<\/option>\n\t\t\t\t\t\t\t\t\t<option value=\"Principado de Asturias\">Principado de Asturias<\/option>\n\t\t\t\t\t\t\t\t\t<option value=\"Comunidad Foral de Navarra\">Comunidad Foral de Navarra<\/option>\n\t\t\t\t\t\t\t\t\t<option value=\"Cantabria\">Cantabria<\/option>\n\t\t\t\t\t\t\t\t\t<option value=\"La Rioja\">La Rioja<\/option>\n\t\t\t\t\t\t\t\t\t<option value=\"Melilla\">Melilla<\/option>\n\t\t\t\t\t\t\t\t\t<option value=\"Ceuta\">Ceuta<\/option>\n\t\t\t\t\t\t\t<\/select>\n\t\t<\/div>\n\t\t\t\t\t\t<\/div>\n\t\t\t\t\t\t\t\t<div class=\"elementor-field-type-text elementor-field-group elementor-column elementor-field-group-name elementor-col-100 elementor-field-required\">\n\t\t\t\t\t\t\t\t\t\t\t\t<label for=\"form-field-name\" class=\"elementor-field-label\">\n\t\t\t\t\t\t\t\tPersona de contacto\t\t\t\t\t\t\t<\/label>\n\t\t\t\t\t\t\t\t\t\t\t\t\t\t<input size=\"1\" type=\"text\" name=\"form_fields[name]\" id=\"form-field-name\" class=\"elementor-field elementor-size-sm  elementor-field-textual\" placeholder=\"Nombre y apellidos\" required=\"required\">\n\t\t\t\t\t\t\t\t\t\t\t<\/div>\n\t\t\t\t\t\t\t\t<div class=\"elementor-field-type-email elementor-field-group elementor-column elementor-field-group-email elementor-col-100 elementor-field-required\">\n\t\t\t\t\t\t\t\t\t\t\t\t<label for=\"form-field-email\" class=\"elementor-field-label\">\n\t\t\t\t\t\t\t\tCorreo electr\u00f3nico\t\t\t\t\t\t\t<\/label>\n\t\t\t\t\t\t\t\t\t\t\t\t\t\t<input size=\"1\" type=\"email\" name=\"form_fields[email]\" id=\"form-field-email\" class=\"elementor-field elementor-size-sm  elementor-field-textual\" placeholder=\"Correo electr\u00f3nico\" required=\"required\">\n\t\t\t\t\t\t\t\t\t\t\t<\/div>\n\t\t\t\t\t\t\t\t<div class=\"elementor-field-type-text elementor-field-group elementor-column elementor-field-group-field_d79a87a elementor-col-100 elementor-field-required\">\n\t\t\t\t\t\t\t\t\t\t\t\t<label for=\"form-field-field_d79a87a\" class=\"elementor-field-label\">\n\t\t\t\t\t\t\t\tTel\u00e9fono\t\t\t\t\t\t\t<\/label>\n\t\t\t\t\t\t\t\t\t\t\t\t\t\t<input size=\"1\" type=\"text\" name=\"form_fields[field_d79a87a]\" id=\"form-field-field_d79a87a\" class=\"elementor-field elementor-size-sm  elementor-field-textual\" placeholder=\"Tel\u00e9fono\" required=\"required\">\n\t\t\t\t\t\t\t\t\t\t\t<\/div>\n\t\t\t\t\t\t\t\t<div class=\"elementor-field-type-textarea elementor-field-group elementor-column elementor-field-group-message elementor-col-100\">\n\t\t\t\t\t\t\t\t\t\t\t\t<label for=\"form-field-message\" class=\"elementor-field-label\">\n\t\t\t\t\t\t\t\tMensaje\t\t\t\t\t\t\t<\/label>\n\t\t\t\t\t\t<textarea class=\"elementor-field-textual elementor-field  elementor-size-sm\" name=\"form_fields[message]\" id=\"form-field-message\" rows=\"4\" placeholder=\"\u00bfQuieres dejarnos alg\u00fan comentario?\"><\/textarea>\t\t\t\t<\/div>\n\t\t\t\t\t\t\t\t<div class=\"elementor-field-type-recaptcha_v3 elementor-field-group elementor-column elementor-field-group-field_3eba03a elementor-col-100 recaptcha_v3-bottomright\">\n\t\t\t\t\t<div class=\"elementor-field\" id=\"form-field-field_3eba03a\"><div class=\"elementor-g-recaptcha\" data-sitekey=\"6LdNzXgqAAAAANMtQBtKGnuxb2tCriG3S3NMLiNa\" data-type=\"v3\" data-action=\"Form\" data-badge=\"bottomright\" data-size=\"invisible\"><\/div><\/div>\t\t\t\t<\/div>\n\t\t\t\t\t\t\t\t<div class=\"elementor-field-group elementor-column elementor-field-type-submit elementor-col-100 e-form__buttons\">\n\t\t\t\t\t<button class=\"elementor-button elementor-size-sm\" type=\"submit\">\n\t\t\t\t\t\t<span class=\"elementor-button-content-wrapper\">\n\t\t\t\t\t\t\t\t\t\t\t\t\t\t\t<span class=\"elementor-button-icon\">\n\t\t\t\t\t\t\t\t\t<svg aria-hidden=\"true\" class=\"e-font-icon-svg e-fas-arrow-circle-right\" viewBox=\"0 0 512 512\" xmlns=\"http:\/\/www.w3.org\/2000\/svg\"><path d=\"M256 8c137 0 248 111 248 248S393 504 256 504 8 393 8 256 119 8 256 8zm-28.9 143.6l75.5 72.4H120c-13.3 0-24 10.7-24 24v16c0 13.3 10.7 24 24 24h182.6l-75.5 72.4c-9.7 9.3-9.9 24.8-.4 34.3l11 10.9c9.4 9.4 24.6 9.4 33.9 0L404.3 273c9.4-9.4 9.4-24.6 0-33.9L271.6 106.3c-9.4-9.4-24.6-9.4-33.9 0l-11 10.9c-9.5 9.6-9.3 25.1.4 34.4z\"><\/path><\/svg>\t\t\t\t\t\t\t\t\t\t\t\t\t\t\t\t\t<\/span>\n\t\t\t\t\t\t\t\t\t\t\t\t\t\t\t\t\t\t\t\t\t\t<span class=\"elementor-button-text\">Quiero ser distribuidor<\/span>\n\t\t\t\t\t\t\t\t\t\t\t\t\t<\/span>\n\t\t\t\t\t<\/button>\n\t\t\t\t<\/div>\n\t\t\t<\/div>\n\t\t<input\n                    class=\"apbct_special_field apbct_email_id__elementor_form\"\n                    name=\"apbct__email_id__elementor_form\"\n                    aria-label=\"Nuevo formulario\"\n                    type=\"text\" size=\"30\" maxlength=\"200\" autocomplete=\"off\"\n                    value=\"\"\n                \/><\/form>\n\t\t\t\t\t\t<\/div>\n\t\t\t\t<\/div>\n\t\t\t\t<\/div>\n\t\t\t\t<\/div>\n\t\t<div class=\"elementor-element elementor-element-34d0114 e-con-full e-flex e-con e-child\" data-id=\"34d0114\" data-element_type=\"container\" data-e-type=\"container\">\n\t\t<div class=\"elementor-element elementor-element-301f3bc e-flex e-con-boxed e-con e-child\" data-id=\"301f3bc\" data-element_type=\"container\" data-e-type=\"container\">\n\t\t\t\t\t<div class=\"e-con-inner\">\n\t\t\t\t<div class=\"elementor-element elementor-element-b95b708 elementor-widget elementor-widget-heading\" data-id=\"b95b708\" data-element_type=\"widget\" data-e-type=\"widget\" data-widget_type=\"heading.default\">\n\t\t\t\t<div class=\"elementor-widget-container\">\n\t\t\t\t\t<h2 class=\"elementor-heading-title elementor-size-default\">\u00bfVOLAMOS JUNTOS?<\/h2>\t\t\t\t<\/div>\n\t\t\t\t<\/div>\n\t\t\t\t<div class=\"elementor-element elementor-element-63ed309 elementor-widget elementor-widget-text-editor\" data-id=\"63ed309\" data-element_type=\"widget\" data-e-type=\"widget\" data-widget_type=\"text-editor.default\">\n\t\t\t\t<div class=\"elementor-widget-container\">\n\t\t\t\t\t\t\t\t\t<p>cont\u00e1ctanos a trav\u00e9s de nuestro formulario o nuestro correo <strong><span \n                data-original-string='8BvZeXw71yT\/X3vg+fj0zw==258JakFgdoujrmC+s7qalsm6JhCTpshBEm4d93fDMRV5aM='\n                class='apbct-email-encoder'\n                title='This contact has been encoded by Anti-Spam by CleanTalk. Click to decode. To finish the decoding make sure that JavaScript is enabled in your browser.'>in<span class=\"apbct-blur\">**<\/span>@<span class=\"apbct-blur\">**************<\/span>la.com<\/span><\/strong><\/p><p>\u00a1Buscamos compa\u00f1eros de vuelo, nuevos amigos donde seguir homenajeando a Mariola disfrutando de nuestro vermut!<\/p>\t\t\t\t\t\t\t\t<\/div>\n\t\t\t\t<\/div>\n\t\t\t\t\t<\/div>\n\t\t\t\t<\/div>\n\t\t\t\t<\/div>\n\t\t\t\t<\/div>\n\t\t\t\t<\/div>\n\t\t","protected":false},"excerpt":{"rendered":"<p>\u00daNETE A NUESTRA FAMILIA EMB\u00c1RCATE CON NOSOTROS Apostamos por una distribuci\u00f3n seleccionada, crear sinergias y estar al lado de nuestros grandes referentes Si tienes un bar, un restaurante o una tienda y crees que nuestro vermut encaja no dudes en contactar con nosotros. \u00bfVOLAMOS JUNTOS? cont\u00e1ctanos a trav\u00e9s de nuestro formulario o nuestro correo in**@**************la.com [&hellip;]<\/p>\n","protected":false},"author":1,"featured_media":347,"parent":0,"menu_order":13,"comment_status":"closed","ping_status":"closed","template":"","meta":{"_acf_changed":false,"footnotes":""},"class_list":["post-104","page","type-page","status-publish","has-post-thumbnail","hentry"],"acf":[],"yoast_head":"<!-- This site is optimized with the Yoast SEO plugin v27.0 - https:\/\/yoast.com\/product\/yoast-seo-wordpress\/ -->\n<title>Distribuidores - La Gaviota Mariola<\/title>\n<meta name=\"robots\" content=\"index, follow, max-snippet:-1, max-image-preview:large, max-video-preview:-1\" \/>\n<link rel=\"canonical\" href=\"https:\/\/lagaviotamariola.com\/ca\/distribuidors\/\" \/>\n<meta property=\"og:locale\" content=\"ca_ES\" \/>\n<meta property=\"og:type\" content=\"article\" \/>\n<meta property=\"og:title\" content=\"Distribuidores - La Gaviota Mariola\" \/>\n<meta property=\"og:description\" content=\"\u00daNETE A NUESTRA FAMILIA EMB\u00c1RCATE CON NOSOTROS Apostamos por una distribuci\u00f3n seleccionada, crear sinergias y estar al lado de nuestros grandes referentes Si tienes un bar, un restaurante o una tienda y crees que nuestro vermut encaja no dudes en contactar con nosotros. \u00bfVOLAMOS JUNTOS? cont\u00e1ctanos a trav\u00e9s de nuestro formulario o nuestro correo in**@**************la.com [&hellip;]\" \/>\n<meta property=\"og:url\" content=\"https:\/\/lagaviotamariola.com\/ca\/distribuidors\/\" \/>\n<meta property=\"og:site_name\" content=\"La Gaviota Mariola\" \/>\n<meta property=\"article:modified_time\" content=\"2024-11-08T09:58:21+00:00\" \/>\n<meta property=\"og:image\" content=\"https:\/\/lagaviotamariola.com\/wp-content\/uploads\/2024\/05\/banner_distribuidores_vermut_playa.jpg\" \/>\n\t<meta property=\"og:image:width\" content=\"1800\" \/>\n\t<meta property=\"og:image:height\" content=\"557\" \/>\n\t<meta property=\"og:image:type\" content=\"image\/jpeg\" \/>\n<meta name=\"twitter:card\" content=\"summary_large_image\" \/>\n<meta name=\"twitter:label1\" content=\"Temps estimat de lectura\" \/>\n\t<meta name=\"twitter:data1\" content=\"1 minut\" \/>\n<script type=\"application\/ld+json\" class=\"yoast-schema-graph\">{\"@context\":\"https:\/\/schema.org\",\"@graph\":[{\"@type\":\"WebPage\",\"@id\":\"https:\/\/lagaviotamariola.com\/distribuidores\/\",\"url\":\"https:\/\/lagaviotamariola.com\/distribuidores\/\",\"name\":\"Distribuidores - La Gaviota Mariola\",\"isPartOf\":{\"@id\":\"https:\/\/lagaviotamariola.com\/#website\"},\"primaryImageOfPage\":{\"@id\":\"https:\/\/lagaviotamariola.com\/distribuidores\/#primaryimage\"},\"image\":{\"@id\":\"https:\/\/lagaviotamariola.com\/distribuidores\/#primaryimage\"},\"thumbnailUrl\":\"https:\/\/lagaviotamariola.com\/wp-content\/uploads\/2024\/05\/banner_distribuidores_vermut_playa.jpg\",\"datePublished\":\"2024-05-03T08:09:11+00:00\",\"dateModified\":\"2024-11-08T09:58:21+00:00\",\"breadcrumb\":{\"@id\":\"https:\/\/lagaviotamariola.com\/distribuidores\/#breadcrumb\"},\"inLanguage\":\"ca\",\"potentialAction\":[{\"@type\":\"ReadAction\",\"target\":[\"https:\/\/lagaviotamariola.com\/distribuidores\/\"]}]},{\"@type\":\"ImageObject\",\"inLanguage\":\"ca\",\"@id\":\"https:\/\/lagaviotamariola.com\/distribuidores\/#primaryimage\",\"url\":\"https:\/\/lagaviotamariola.com\/wp-content\/uploads\/2024\/05\/banner_distribuidores_vermut_playa.jpg\",\"contentUrl\":\"https:\/\/lagaviotamariola.com\/wp-content\/uploads\/2024\/05\/banner_distribuidores_vermut_playa.jpg\",\"width\":1800,\"height\":557},{\"@type\":\"BreadcrumbList\",\"@id\":\"https:\/\/lagaviotamariola.com\/distribuidores\/#breadcrumb\",\"itemListElement\":[{\"@type\":\"ListItem\",\"position\":1,\"name\":\"Portada\",\"item\":\"https:\/\/lagaviotamariola.com\/\"},{\"@type\":\"ListItem\",\"position\":2,\"name\":\"Distribuidores\"}]},{\"@type\":\"WebSite\",\"@id\":\"https:\/\/lagaviotamariola.com\/#website\",\"url\":\"https:\/\/lagaviotamariola.com\/\",\"name\":\"La Gaviota Mariola\",\"description\":\"\",\"publisher\":{\"@id\":\"https:\/\/lagaviotamariola.com\/#organization\"},\"potentialAction\":[{\"@type\":\"SearchAction\",\"target\":{\"@type\":\"EntryPoint\",\"urlTemplate\":\"https:\/\/lagaviotamariola.com\/?s={search_term_string}\"},\"query-input\":{\"@type\":\"PropertyValueSpecification\",\"valueRequired\":true,\"valueName\":\"search_term_string\"}}],\"inLanguage\":\"ca\"},{\"@type\":\"Organization\",\"@id\":\"https:\/\/lagaviotamariola.com\/#organization\",\"name\":\"La Gaviota Mariola\",\"url\":\"https:\/\/lagaviotamariola.com\/\",\"logo\":{\"@type\":\"ImageObject\",\"inLanguage\":\"ca\",\"@id\":\"https:\/\/lagaviotamariola.com\/#\/schema\/logo\/image\/\",\"url\":\"https:\/\/lagaviotamariola.com\/wp-content\/uploads\/2024\/04\/logo.svg\",\"contentUrl\":\"https:\/\/lagaviotamariola.com\/wp-content\/uploads\/2024\/04\/logo.svg\",\"width\":117,\"height\":59,\"caption\":\"La Gaviota Mariola\"},\"image\":{\"@id\":\"https:\/\/lagaviotamariola.com\/#\/schema\/logo\/image\/\"}}]}<\/script>\n<!-- \/ Yoast SEO plugin. -->","yoast_head_json":{"title":"Distribuidores - La Gaviota Mariola","robots":{"index":"index","follow":"follow","max-snippet":"max-snippet:-1","max-image-preview":"max-image-preview:large","max-video-preview":"max-video-preview:-1"},"canonical":"https:\/\/lagaviotamariola.com\/ca\/distribuidors\/","og_locale":"ca_ES","og_type":"article","og_title":"Distribuidores - La Gaviota Mariola","og_description":"\u00daNETE A NUESTRA FAMILIA EMB\u00c1RCATE CON NOSOTROS Apostamos por una distribuci\u00f3n seleccionada, crear sinergias y estar al lado de nuestros grandes referentes Si tienes un bar, un restaurante o una tienda y crees que nuestro vermut encaja no dudes en contactar con nosotros. \u00bfVOLAMOS JUNTOS? cont\u00e1ctanos a trav\u00e9s de nuestro formulario o nuestro correo in**@**************la.com [&hellip;]","og_url":"https:\/\/lagaviotamariola.com\/ca\/distribuidors\/","og_site_name":"La Gaviota Mariola","article_modified_time":"2024-11-08T09:58:21+00:00","og_image":[{"width":1800,"height":557,"url":"https:\/\/lagaviotamariola.com\/wp-content\/uploads\/2024\/05\/banner_distribuidores_vermut_playa.jpg","type":"image\/jpeg"}],"twitter_card":"summary_large_image","twitter_misc":{"Temps estimat de lectura":"1 minut"},"schema":{"@context":"https:\/\/schema.org","@graph":[{"@type":"WebPage","@id":"https:\/\/lagaviotamariola.com\/distribuidores\/","url":"https:\/\/lagaviotamariola.com\/distribuidores\/","name":"Distribuidores - La Gaviota Mariola","isPartOf":{"@id":"https:\/\/lagaviotamariola.com\/#website"},"primaryImageOfPage":{"@id":"https:\/\/lagaviotamariola.com\/distribuidores\/#primaryimage"},"image":{"@id":"https:\/\/lagaviotamariola.com\/distribuidores\/#primaryimage"},"thumbnailUrl":"https:\/\/lagaviotamariola.com\/wp-content\/uploads\/2024\/05\/banner_distribuidores_vermut_playa.jpg","datePublished":"2024-05-03T08:09:11+00:00","dateModified":"2024-11-08T09:58:21+00:00","breadcrumb":{"@id":"https:\/\/lagaviotamariola.com\/distribuidores\/#breadcrumb"},"inLanguage":"ca","potentialAction":[{"@type":"ReadAction","target":["https:\/\/lagaviotamariola.com\/distribuidores\/"]}]},{"@type":"ImageObject","inLanguage":"ca","@id":"https:\/\/lagaviotamariola.com\/distribuidores\/#primaryimage","url":"https:\/\/lagaviotamariola.com\/wp-content\/uploads\/2024\/05\/banner_distribuidores_vermut_playa.jpg","contentUrl":"https:\/\/lagaviotamariola.com\/wp-content\/uploads\/2024\/05\/banner_distribuidores_vermut_playa.jpg","width":1800,"height":557},{"@type":"BreadcrumbList","@id":"https:\/\/lagaviotamariola.com\/distribuidores\/#breadcrumb","itemListElement":[{"@type":"ListItem","position":1,"name":"Portada","item":"https:\/\/lagaviotamariola.com\/"},{"@type":"ListItem","position":2,"name":"Distribuidores"}]},{"@type":"WebSite","@id":"https:\/\/lagaviotamariola.com\/#website","url":"https:\/\/lagaviotamariola.com\/","name":"La Gaviota Mariola","description":"","publisher":{"@id":"https:\/\/lagaviotamariola.com\/#organization"},"potentialAction":[{"@type":"SearchAction","target":{"@type":"EntryPoint","urlTemplate":"https:\/\/lagaviotamariola.com\/?s={search_term_string}"},"query-input":{"@type":"PropertyValueSpecification","valueRequired":true,"valueName":"search_term_string"}}],"inLanguage":"ca"},{"@type":"Organization","@id":"https:\/\/lagaviotamariola.com\/#organization","name":"La Gaviota Mariola","url":"https:\/\/lagaviotamariola.com\/","logo":{"@type":"ImageObject","inLanguage":"ca","@id":"https:\/\/lagaviotamariola.com\/#\/schema\/logo\/image\/","url":"https:\/\/lagaviotamariola.com\/wp-content\/uploads\/2024\/04\/logo.svg","contentUrl":"https:\/\/lagaviotamariola.com\/wp-content\/uploads\/2024\/04\/logo.svg","width":117,"height":59,"caption":"La Gaviota Mariola"},"image":{"@id":"https:\/\/lagaviotamariola.com\/#\/schema\/logo\/image\/"}}]}},"_links":{"self":[{"href":"https:\/\/lagaviotamariola.com\/ca\/wp-json\/wp\/v2\/pages\/104","targetHints":{"allow":["GET"]}}],"collection":[{"href":"https:\/\/lagaviotamariola.com\/ca\/wp-json\/wp\/v2\/pages"}],"about":[{"href":"https:\/\/lagaviotamariola.com\/ca\/wp-json\/wp\/v2\/types\/page"}],"author":[{"embeddable":true,"href":"https:\/\/lagaviotamariola.com\/ca\/wp-json\/wp\/v2\/users\/1"}],"replies":[{"embeddable":true,"href":"https:\/\/lagaviotamariola.com\/ca\/wp-json\/wp\/v2\/comments?post=104"}],"version-history":[{"count":70,"href":"https:\/\/lagaviotamariola.com\/ca\/wp-json\/wp\/v2\/pages\/104\/revisions"}],"predecessor-version":[{"id":1321,"href":"https:\/\/lagaviotamariola.com\/ca\/wp-json\/wp\/v2\/pages\/104\/revisions\/1321"}],"wp:featuredmedia":[{"embeddable":true,"href":"https:\/\/lagaviotamariola.com\/ca\/wp-json\/wp\/v2\/media\/347"}],"wp:attachment":[{"href":"https:\/\/lagaviotamariola.com\/ca\/wp-json\/wp\/v2\/media?parent=104"}],"curies":[{"name":"wp","href":"https:\/\/api.w.org\/{rel}","templated":true}]}}